{"id":900,"date":"2020-10-02T18:26:49","date_gmt":"2020-10-02T18:26:49","guid":{"rendered":"https:\/\/fisioterapiajuliangonzalez.com\/?page_id=900"},"modified":"2021-10-05T07:41:46","modified_gmt":"2021-10-05T07:41:46","slug":"tratamientos","status":"publish","type":"page","link":"https:\/\/fisioterapiajuliangonzalez.com\/index.php\/tratamientos\/","title":{"rendered":"Tratamientos"},"content":{"rendered":"<div id=\"pl-gb900-69e1540d156b2\"  class=\"panel-layout\" ><div id=\"pg-gb900-69e1540d156b2-0\"  class=\"panel-grid panel-no-style\"  data-style=\"{&quot;background_image_attachment&quot;:false,&quot;background_display&quot;:&quot;tile&quot;,&quot;full_height&quot;:&quot;&quot;,&quot;cell_alignment&quot;:&quot;flex-start&quot;}\"  data-ratio=\"1\"  data-ratio-direction=\"right\" ><div id=\"pgc-gb900-69e1540d156b2-0-0\"  class=\"panel-grid-cell\"  data-weight=\"1\" ><div id=\"panel-gb900-69e1540d156b2-0-0-0\" class=\"so-panel widget widget_text panel-first-child panel-last-child\" data-index=\"0\" data-style=\"{&quot;background_image_attachment&quot;:false,&quot;background_display&quot;:&quot;tile&quot;}\" ><h3 class=\"widget-title\">CARTA DE SERVICIOS DEL CENTRO<\/h3>\t\t\t<div class=\"textwidget\"><p><img loading=\"lazy\" decoding=\"async\" class=\"wp-image-120 aligncenter\" src=\"https:\/\/fisioterapiajuliangonzalez.com\/wp-content\/uploads\/2018\/05\/masaje-hombro.jpg\" alt=\"\" width=\"1142\" height=\"761\" srcset=\"https:\/\/fisioterapiajuliangonzalez.com\/wp-content\/uploads\/2018\/05\/masaje-hombro.jpg 1920w, https:\/\/fisioterapiajuliangonzalez.com\/wp-content\/uploads\/2018\/05\/masaje-hombro-600x400.jpg 600w, https:\/\/fisioterapiajuliangonzalez.com\/wp-content\/uploads\/2018\/05\/masaje-hombro-300x200.jpg 300w, https:\/\/fisioterapiajuliangonzalez.com\/wp-content\/uploads\/2018\/05\/masaje-hombro-1024x683.jpg 1024w, https:\/\/fisioterapiajuliangonzalez.com\/wp-content\/uploads\/2018\/05\/masaje-hombro-768x512.jpg 768w, https:\/\/fisioterapiajuliangonzalez.com\/wp-content\/uploads\/2018\/05\/masaje-hombro-1536x1024.jpg 1536w, https:\/\/fisioterapiajuliangonzalez.com\/wp-content\/uploads\/2018\/05\/masaje-hombro-1200x800.jpg 1200w\" sizes=\"(max-width: 1142px) 100vw, 1142px\" \/><\/p>\n<p><strong>NUESTROS SERVICIOS<\/strong><\/p>\n<ul>\n<li><strong>Lesiones traumatol\u00f3gicas, reumatol\u00f3gicas, ortop\u00e9dicas, dermatol\u00f3gicas, neurol\u00f3gicas y circulatorias.<\/strong><\/li>\n<li><strong>Tratamientos de rehabilitaci\u00f3n:<img loading=\"lazy\" decoding=\"async\" class=\" wp-image-121 alignright\" src=\"https:\/\/fisioterapiajuliangonzalez.files.wordpress.com\/2018\/05\/masaje-rodilla.jpg?w=509&amp;h=359\" sizes=\"(max-width: 509px) 100vw, 509px\" srcset=\"https:\/\/fisioterapiajuliangonzalez.files.wordpress.com\/2018\/05\/masaje-rodilla.jpg?w=509&amp;h=359 509w, https:\/\/fisioterapiajuliangonzalez.files.wordpress.com\/2018\/05\/masaje-rodilla.jpg?w=1016&amp;h=718 1016w, https:\/\/fisioterapiajuliangonzalez.files.wordpress.com\/2018\/05\/masaje-rodilla.jpg?w=150&amp;h=106 150w, https:\/\/fisioterapiajuliangonzalez.files.wordpress.com\/2018\/05\/masaje-rodilla.jpg?w=300&amp;h=212 300w, https:\/\/fisioterapiajuliangonzalez.files.wordpress.com\/2018\/05\/masaje-rodilla.jpg?w=768&amp;h=543 768w\" alt=\"Masaje rodilla\" width=\"420\" height=\"297\" data-attachment-id=\"121\" data-permalink=\"https:\/\/fisioterapiajuliangonzalez.wordpress.com\/tratamientos\/masaje-rodilla\/\" data-orig-file=\"https:\/\/fisioterapiajuliangonzalez.files.wordpress.com\/2018\/05\/masaje-rodilla.jpg\" data-orig-size=\"1920,1357\" data-comments-opened=\"0\" data-image-meta=\"{&quot;aperture&quot;:&quot;0&quot;,&quot;credit&quot;:&quot;&quot;,&quot;camera&quot;:&quot;&quot;,&quot;caption&quot;:&quot;&quot;,&quot;created_timestamp&quot;:&quot;0&quot;,&quot;copyright&quot;:&quot;&quot;,&quot;focal_length&quot;:&quot;0&quot;,&quot;iso&quot;:&quot;0&quot;,&quot;shutter_speed&quot;:&quot;0&quot;,&quot;title&quot;:&quot;&quot;,&quot;orientation&quot;:&quot;0&quot;}\" data-image-title=\"Masaje rodilla\" data-image-description=\"\" data-medium-file=\"https:\/\/fisioterapiajuliangonzalez.files.wordpress.com\/2018\/05\/masaje-rodilla.jpg?w=300\" data-large-file=\"https:\/\/fisioterapiajuliangonzalez.files.wordpress.com\/2018\/05\/masaje-rodilla.jpg?w=869\" \/><\/strong>\n<ul>\n<li><em><strong>Geri\u00e1trica<\/strong><\/em><\/li>\n<li><em><strong>Neurol\u00f3gica<\/strong><\/em><\/li>\n<li><em><strong>Postoperatoria<\/strong><\/em><\/li>\n<li><em><strong>Funcional<\/strong><\/em><\/li>\n<\/ul>\n<\/li>\n<li><strong>Terapia Bobath<\/strong><\/li>\n<li><strong>Terapia Manual:\u00a0son distintos tipos de t\u00e9cnicas cuyos objetivos son valorar, diagnosticar y tratar diferentes patolog\u00edas de forma manual.<\/strong>\n<ul>\n<li><em><strong>M\u00e9todo Mulligan<\/strong><\/em><\/li>\n<li><em><strong>Terapia Miosfacial<\/strong><\/em><\/li>\n<li><em><strong>Protocolo Suizo<\/strong><\/em><\/li>\n<li><em><strong>Masoterapia<\/strong><\/em><\/li>\n<li><em><strong>Cinesiterapia<\/strong><\/em><\/li>\n<li><em><strong>Cyriax<\/strong><\/em><\/li>\n<li><em><strong>Movilizaciones<\/strong><\/em><\/li>\n<li><em><strong>Manipulaciones<\/strong><\/em><\/li>\n<li><em><strong>Estiramientos<\/strong><\/em><\/li>\n<li><em><strong>etc\u2026..<\/strong><\/em><\/li>\n<\/ul>\n<\/li>\n<li><strong>Punci\u00f3n seca<\/strong><\/li>\n<li><strong>Presoterapia y Drenaje Linf\u00e1tico:\u00a0cuyos objetivos son favorecer el sistema linf\u00e1tico evitando la retenci\u00f3n de l\u00edquidos.<img loading=\"lazy\" decoding=\"async\" class=\" wp-image-123 alignright\" src=\"https:\/\/fisioterapiajuliangonzalez.files.wordpress.com\/2018\/05\/presoterapia.jpg?w=445&amp;h=296\" sizes=\"(max-width: 445px) 100vw, 445px\" srcset=\"https:\/\/fisioterapiajuliangonzalez.files.wordpress.com\/2018\/05\/presoterapia.jpg?w=445&amp;h=296 445w, https:\/\/fisioterapiajuliangonzalez.files.wordpress.com\/2018\/05\/presoterapia.jpg?w=888&amp;h=592 888w, https:\/\/fisioterapiajuliangonzalez.files.wordpress.com\/2018\/05\/presoterapia.jpg?w=150&amp;h=100 150w, https:\/\/fisioterapiajuliangonzalez.files.wordpress.com\/2018\/05\/presoterapia.jpg?w=300&amp;h=200 300w, https:\/\/fisioterapiajuliangonzalez.files.wordpress.com\/2018\/05\/presoterapia.jpg?w=768&amp;h=512 768w\" alt=\"Presoterapia\" width=\"415\" height=\"277\" data-attachment-id=\"123\" data-permalink=\"https:\/\/fisioterapiajuliangonzalez.wordpress.com\/tratamientos\/presoterapia\/\" data-orig-file=\"https:\/\/fisioterapiajuliangonzalez.files.wordpress.com\/2018\/05\/presoterapia.jpg\" data-orig-size=\"1920,1280\" data-comments-opened=\"0\" data-image-meta=\"{&quot;aperture&quot;:&quot;0&quot;,&quot;credit&quot;:&quot;&quot;,&quot;camera&quot;:&quot;&quot;,&quot;caption&quot;:&quot;&quot;,&quot;created_timestamp&quot;:&quot;0&quot;,&quot;copyright&quot;:&quot;&quot;,&quot;focal_length&quot;:&quot;0&quot;,&quot;iso&quot;:&quot;0&quot;,&quot;shutter_speed&quot;:&quot;0&quot;,&quot;title&quot;:&quot;&quot;,&quot;orientation&quot;:&quot;0&quot;}\" data-image-title=\"Presoterapia\" data-image-description=\"\" data-medium-file=\"https:\/\/fisioterapiajuliangonzalez.files.wordpress.com\/2018\/05\/presoterapia.jpg?w=300\" data-large-file=\"https:\/\/fisioterapiajuliangonzalez.files.wordpress.com\/2018\/05\/presoterapia.jpg?w=869\" \/><\/strong><\/li>\n<li><strong>Masaje Deportivo:<\/strong>\n<ul>\n<li><em><strong>Pre-competici\u00f3n<\/strong><\/em><\/li>\n<li><em><strong>Post-competici\u00f3n<\/strong><\/em><\/li>\n<\/ul>\n<\/li>\n<li><strong>Masaje Relajante:\u00a0indicado para eliminar<\/strong>\n<ul>\n<li><em><strong>Toxinas<\/strong><\/em><\/li>\n<li><em><strong>Stress<\/strong><\/em><\/li>\n<li><em><strong>Tensi\u00f3n corporal<\/strong><\/em><\/li>\n<\/ul>\n<\/li>\n<li><strong>Fisioterapia Est\u00e9tica<\/strong>\n<ul>\n<li><em><strong>Reducci\u00f3n de celulitis<\/strong><\/em><\/li>\n<li><em><strong>Reafirmaci\u00f3n de gl\u00fateos y abdomen<\/strong><\/em><\/li>\n<li><em><strong>Tonificaci\u00f3n de piernas<\/strong><\/em><\/li>\n<\/ul>\n<\/li>\n<\/ul>\n<\/div>\n\t\t<\/div><\/div><\/div><\/div>","protected":false},"excerpt":{"rendered":"<p>NUESTROS SERVICIOS Lesiones traumatol\u00f3gicas, reumatol\u00f3gicas, ortop\u00e9dicas, dermatol\u00f3gicas, neurol\u00f3gicas y circulatorias. Tratamientos de rehabilitaci\u00f3n: Geri\u00e1trica Neurol\u00f3gica Postoperatoria Funcional Terapia Bobath Terapia [&hellip;]<\/p>\n","protected":false},"author":1,"featured_media":0,"parent":0,"menu_order":0,"comment_status":"closed","ping_status":"closed","template":"page-templates\/full-width.php","meta":{"footnotes":""},"yoast_head":"<!-- This site is optimized with the Yoast SEO plugin v23.2 - https:\/\/yoast.com\/wordpress\/plugins\/seo\/ -->\n<title>Tratamientos - CENTRO DE FISIOTERAPIA JULI&Aacute;N GONZ&Aacute;LEZ<\/title>\n<meta name=\"robots\" content=\"index, follow, max-snippet:-1, max-image-preview:large, max-video-preview:-1\" \/>\n<link rel=\"canonical\" href=\"https:\/\/fisioterapiajuliangonzalez.com\/index.php\/tratamientos\/\" \/>\n<meta property=\"og:locale\" content=\"es_ES\" \/>\n<meta property=\"og:type\" content=\"article\" \/>\n<meta property=\"og:title\" content=\"Tratamientos - CENTRO DE FISIOTERAPIA JULI&Aacute;N GONZ&Aacute;LEZ\" \/>\n<meta property=\"og:description\" content=\"NUESTROS SERVICIOS Lesiones traumatol\u00f3gicas, reumatol\u00f3gicas, ortop\u00e9dicas, dermatol\u00f3gicas, neurol\u00f3gicas y circulatorias. Tratamientos de rehabilitaci\u00f3n: Geri\u00e1trica Neurol\u00f3gica Postoperatoria Funcional Terapia Bobath Terapia [&hellip;]\" \/>\n<meta property=\"og:url\" content=\"https:\/\/fisioterapiajuliangonzalez.com\/index.php\/tratamientos\/\" \/>\n<meta property=\"og:site_name\" content=\"CENTRO DE FISIOTERAPIA JULI&Aacute;N GONZ&Aacute;LEZ\" \/>\n<meta property=\"article:modified_time\" content=\"2021-10-05T07:41:46+00:00\" \/>\n<meta property=\"og:image\" content=\"https:\/\/fisioterapiajuliangonzalez.com\/wp-content\/uploads\/2018\/05\/masaje-hombro.jpg\" \/>\n<meta name=\"twitter:card\" content=\"summary_large_image\" \/>\n<meta name=\"twitter:label1\" content=\"Tiempo de lectura\" \/>\n\t<meta name=\"twitter:data1\" content=\"2 minutos\" \/>\n<script type=\"application\/ld+json\" class=\"yoast-schema-graph\">{\"@context\":\"https:\/\/schema.org\",\"@graph\":[{\"@type\":\"WebPage\",\"@id\":\"https:\/\/fisioterapiajuliangonzalez.com\/index.php\/tratamientos\/\",\"url\":\"https:\/\/fisioterapiajuliangonzalez.com\/index.php\/tratamientos\/\",\"name\":\"Tratamientos - CENTRO DE FISIOTERAPIA JULI&Aacute;N GONZ&Aacute;LEZ\",\"isPartOf\":{\"@id\":\"https:\/\/fisioterapiajuliangonzalez.com\/#website\"},\"primaryImageOfPage\":{\"@id\":\"https:\/\/fisioterapiajuliangonzalez.com\/index.php\/tratamientos\/#primaryimage\"},\"image\":{\"@id\":\"https:\/\/fisioterapiajuliangonzalez.com\/index.php\/tratamientos\/#primaryimage\"},\"thumbnailUrl\":\"https:\/\/fisioterapiajuliangonzalez.com\/wp-content\/uploads\/2018\/05\/masaje-hombro.jpg\",\"datePublished\":\"2020-10-02T18:26:49+00:00\",\"dateModified\":\"2021-10-05T07:41:46+00:00\",\"breadcrumb\":{\"@id\":\"https:\/\/fisioterapiajuliangonzalez.com\/index.php\/tratamientos\/#breadcrumb\"},\"inLanguage\":\"es\",\"potentialAction\":[{\"@type\":\"ReadAction\",\"target\":[\"https:\/\/fisioterapiajuliangonzalez.com\/index.php\/tratamientos\/\"]}]},{\"@type\":\"ImageObject\",\"inLanguage\":\"es\",\"@id\":\"https:\/\/fisioterapiajuliangonzalez.com\/index.php\/tratamientos\/#primaryimage\",\"url\":\"https:\/\/fisioterapiajuliangonzalez.com\/wp-content\/uploads\/2018\/05\/masaje-hombro.jpg\",\"contentUrl\":\"https:\/\/fisioterapiajuliangonzalez.com\/wp-content\/uploads\/2018\/05\/masaje-hombro.jpg\",\"width\":1920,\"height\":1280},{\"@type\":\"BreadcrumbList\",\"@id\":\"https:\/\/fisioterapiajuliangonzalez.com\/index.php\/tratamientos\/#breadcrumb\",\"itemListElement\":[{\"@type\":\"ListItem\",\"position\":1,\"name\":\"Portada\",\"item\":\"https:\/\/fisioterapiajuliangonzalez.com\/\"},{\"@type\":\"ListItem\",\"position\":2,\"name\":\"Tratamientos\"}]},{\"@type\":\"WebSite\",\"@id\":\"https:\/\/fisioterapiajuliangonzalez.com\/#website\",\"url\":\"https:\/\/fisioterapiajuliangonzalez.com\/\",\"name\":\"CENTRO DE FISIOTERAPIA JULI&Aacute;N GONZ&Aacute;LEZ\",\"description\":\"Tu fisio de confianza   ---   \u260f 648056796  ---    \u2709 fisiojuliangonzalez@gmail.com\",\"potentialAction\":[{\"@type\":\"SearchAction\",\"target\":{\"@type\":\"EntryPoint\",\"urlTemplate\":\"https:\/\/fisioterapiajuliangonzalez.com\/?s={search_term_string}\"},\"query-input\":\"required name=search_term_string\"}],\"inLanguage\":\"es\"}]}<\/script>\n<!-- \/ Yoast SEO plugin. -->","yoast_head_json":{"title":"Tratamientos - CENTRO DE FISIOTERAPIA JULI&Aacute;N GONZ&Aacute;LEZ","robots":{"index":"index","follow":"follow","max-snippet":"max-snippet:-1","max-image-preview":"max-image-preview:large","max-video-preview":"max-video-preview:-1"},"canonical":"https:\/\/fisioterapiajuliangonzalez.com\/index.php\/tratamientos\/","og_locale":"es_ES","og_type":"article","og_title":"Tratamientos - CENTRO DE FISIOTERAPIA JULI&Aacute;N GONZ&Aacute;LEZ","og_description":"NUESTROS SERVICIOS Lesiones traumatol\u00f3gicas, reumatol\u00f3gicas, ortop\u00e9dicas, dermatol\u00f3gicas, neurol\u00f3gicas y circulatorias. Tratamientos de rehabilitaci\u00f3n: Geri\u00e1trica Neurol\u00f3gica Postoperatoria Funcional Terapia Bobath Terapia [&hellip;]","og_url":"https:\/\/fisioterapiajuliangonzalez.com\/index.php\/tratamientos\/","og_site_name":"CENTRO DE FISIOTERAPIA JULI&Aacute;N GONZ&Aacute;LEZ","article_modified_time":"2021-10-05T07:41:46+00:00","og_image":[{"url":"https:\/\/fisioterapiajuliangonzalez.com\/wp-content\/uploads\/2018\/05\/masaje-hombro.jpg"}],"twitter_card":"summary_large_image","twitter_misc":{"Tiempo de lectura":"2 minutos"},"schema":{"@context":"https:\/\/schema.org","@graph":[{"@type":"WebPage","@id":"https:\/\/fisioterapiajuliangonzalez.com\/index.php\/tratamientos\/","url":"https:\/\/fisioterapiajuliangonzalez.com\/index.php\/tratamientos\/","name":"Tratamientos - CENTRO DE FISIOTERAPIA JULI&Aacute;N GONZ&Aacute;LEZ","isPartOf":{"@id":"https:\/\/fisioterapiajuliangonzalez.com\/#website"},"primaryImageOfPage":{"@id":"https:\/\/fisioterapiajuliangonzalez.com\/index.php\/tratamientos\/#primaryimage"},"image":{"@id":"https:\/\/fisioterapiajuliangonzalez.com\/index.php\/tratamientos\/#primaryimage"},"thumbnailUrl":"https:\/\/fisioterapiajuliangonzalez.com\/wp-content\/uploads\/2018\/05\/masaje-hombro.jpg","datePublished":"2020-10-02T18:26:49+00:00","dateModified":"2021-10-05T07:41:46+00:00","breadcrumb":{"@id":"https:\/\/fisioterapiajuliangonzalez.com\/index.php\/tratamientos\/#breadcrumb"},"inLanguage":"es","potentialAction":[{"@type":"ReadAction","target":["https:\/\/fisioterapiajuliangonzalez.com\/index.php\/tratamientos\/"]}]},{"@type":"ImageObject","inLanguage":"es","@id":"https:\/\/fisioterapiajuliangonzalez.com\/index.php\/tratamientos\/#primaryimage","url":"https:\/\/fisioterapiajuliangonzalez.com\/wp-content\/uploads\/2018\/05\/masaje-hombro.jpg","contentUrl":"https:\/\/fisioterapiajuliangonzalez.com\/wp-content\/uploads\/2018\/05\/masaje-hombro.jpg","width":1920,"height":1280},{"@type":"BreadcrumbList","@id":"https:\/\/fisioterapiajuliangonzalez.com\/index.php\/tratamientos\/#breadcrumb","itemListElement":[{"@type":"ListItem","position":1,"name":"Portada","item":"https:\/\/fisioterapiajuliangonzalez.com\/"},{"@type":"ListItem","position":2,"name":"Tratamientos"}]},{"@type":"WebSite","@id":"https:\/\/fisioterapiajuliangonzalez.com\/#website","url":"https:\/\/fisioterapiajuliangonzalez.com\/","name":"CENTRO DE FISIOTERAPIA JULI&Aacute;N GONZ&Aacute;LEZ","description":"Tu fisio de confianza   ---   \u260f 648056796  ---    \u2709 fisiojuliangonzalez@gmail.com","potentialAction":[{"@type":"SearchAction","target":{"@type":"EntryPoint","urlTemplate":"https:\/\/fisioterapiajuliangonzalez.com\/?s={search_term_string}"},"query-input":"required name=search_term_string"}],"inLanguage":"es"}]}},"_links":{"self":[{"href":"https:\/\/fisioterapiajuliangonzalez.com\/index.php\/wp-json\/wp\/v2\/pages\/900"}],"collection":[{"href":"https:\/\/fisioterapiajuliangonzalez.com\/index.php\/wp-json\/wp\/v2\/pages"}],"about":[{"href":"https:\/\/fisioterapiajuliangonzalez.com\/index.php\/wp-json\/wp\/v2\/types\/page"}],"author":[{"embeddable":true,"href":"https:\/\/fisioterapiajuliangonzalez.com\/index.php\/wp-json\/wp\/v2\/users\/1"}],"replies":[{"embeddable":true,"href":"https:\/\/fisioterapiajuliangonzalez.com\/index.php\/wp-json\/wp\/v2\/comments?post=900"}],"version-history":[{"count":18,"href":"https:\/\/fisioterapiajuliangonzalez.com\/index.php\/wp-json\/wp\/v2\/pages\/900\/revisions"}],"predecessor-version":[{"id":1104,"href":"https:\/\/fisioterapiajuliangonzalez.com\/index.php\/wp-json\/wp\/v2\/pages\/900\/revisions\/1104"}],"wp:attachment":[{"href":"https:\/\/fisioterapiajuliangonzalez.com\/index.php\/wp-json\/wp\/v2\/media?parent=900"}],"curies":[{"name":"wp","href":"https:\/\/api.w.org\/{rel}","templated":true}]}}