{"id":895,"date":"2020-10-02T18:24:09","date_gmt":"2020-10-02T18:24:09","guid":{"rendered":"https:\/\/fisioterapiajuliangonzalez.com\/?page_id=895"},"modified":"2022-07-12T23:00:00","modified_gmt":"2022-07-12T23:00:00","slug":"donde-estamos","status":"publish","type":"page","link":"https:\/\/fisioterapiajuliangonzalez.com\/index.php\/donde-estamos\/","title":{"rendered":"\u00bfD\u00f3nde estamos?"},"content":{"rendered":"<div id=\"pl-gb895-69e33e2450bed\"  class=\"panel-layout\" ><div id=\"pg-gb895-69e33e2450bed-0\"  class=\"panel-grid panel-no-style\"  data-style=\"{&quot;background_image_attachment&quot;:false,&quot;background_display&quot;:&quot;tile&quot;,&quot;full_height&quot;:&quot;&quot;,&quot;cell_alignment&quot;:&quot;flex-start&quot;}\"  data-ratio=\"1\"  data-ratio-direction=\"right\" ><div id=\"pgc-gb895-69e33e2450bed-0-0\"  class=\"panel-grid-cell\"  data-weight=\"0.5\" ><div id=\"panel-gb895-69e33e2450bed-0-0-0\" class=\"widget_text so-panel widget widget_custom_html panel-first-child panel-last-child\" data-index=\"0\" data-style=\"{&quot;background_image_attachment&quot;:false,&quot;background_display&quot;:&quot;tile&quot;}\" ><div class=\"textwidget custom-html-widget\"><iframe loading=\"lazy\" src=\"https:\/\/www.google.com\/maps\/embed?pb=!1m14!1m8!1m3!1d22591.90504906853!2d-3.6472308645593166!3d40.4667067012086!3m2!1i1024!2i768!4f13.1!3m3!1m2!1s0x0%3A0xbbfd2090fab2fbde!2sCentro%20de%20Fisioterapia%20Juli%C3%A1n%20Gonz%C3%A1lez!5e1!3m2!1ses!2ses!4v1601746305363!5m2!1ses!2ses\" width=\"600\" height=\"450\" frameborder=\"0\" style=\"border:0;\" allowfullscreen=\"\" aria-hidden=\"false\" tabindex=\"0\"><\/iframe><\/div><\/div><\/div><div id=\"pgc-gb895-69e33e2450bed-0-1\"  class=\"panel-grid-cell\"  data-weight=\"0.5\" ><div id=\"panel-gb895-69e33e2450bed-0-1-0\" class=\"so-panel widget widget_text panel-first-child panel-last-child\" data-index=\"1\" data-style=\"{&quot;background_image_attachment&quot;:false,&quot;background_display&quot;:&quot;tile&quot;}\" ><h3 class=\"widget-title\">Nuestro centro<\/h3>\t\t\t<div class=\"textwidget\"><h4 class=\"vc_text_separator wpb_content_element separator_align_left vc_text_separator_three\"><\/h4>\n<p><strong>Situado en la calle \u00c1ngel Luis de la Herr\u00e1n n\u00ba2 (entrada por la esquina entre la calle Ar\u00e1nzazu y L\u00f3pez de Hoyos), consta de las instalaciones necesarias para tratar las m\u00faltiples patolog\u00edas que trabajamos.<\/strong><\/p>\n<h3><em>Tel\u00e9fonos de contacto<\/em><\/h3>\n<ul>\n<li>648056796<\/li>\n<li>616970637<\/li>\n<\/ul>\n<\/div>\n\t\t<\/div><\/div><\/div><div id=\"pg-gb895-69e33e2450bed-1\"  class=\"panel-grid panel-no-style\"  data-style=\"{&quot;background_image_attachment&quot;:false,&quot;background_display&quot;:&quot;tile&quot;,&quot;full_height&quot;:&quot;&quot;,&quot;cell_alignment&quot;:&quot;flex-start&quot;}\"  data-ratio=\"1\"  data-ratio-direction=\"right\" ><div id=\"pgc-gb895-69e33e2450bed-1-0\"  class=\"panel-grid-cell panel-grid-cell-empty\"  data-weight=\"1\" ><\/div><\/div><\/div>","protected":false},"excerpt":{"rendered":"<p>Situado en la calle \u00c1ngel Luis de la Herr\u00e1n n\u00ba2 (entrada por la esquina entre la calle Ar\u00e1nzazu y L\u00f3pez [&hellip;]<\/p>\n","protected":false},"author":1,"featured_media":0,"parent":0,"menu_order":0,"comment_status":"closed","ping_status":"closed","template":"page-templates\/full-width.php","meta":{"footnotes":""},"yoast_head":"<!-- This site is optimized with the Yoast SEO plugin v23.2 - https:\/\/yoast.com\/wordpress\/plugins\/seo\/ -->\n<title>\u00bfD\u00f3nde estamos? - CENTRO DE FISIOTERAPIA JULI&Aacute;N GONZ&Aacute;LEZ<\/title>\n<meta name=\"robots\" content=\"index, follow, max-snippet:-1, max-image-preview:large, max-video-preview:-1\" \/>\n<link rel=\"canonical\" href=\"https:\/\/fisioterapiajuliangonzalez.com\/index.php\/donde-estamos\/\" \/>\n<meta property=\"og:locale\" content=\"es_ES\" \/>\n<meta property=\"og:type\" content=\"article\" \/>\n<meta property=\"og:title\" content=\"\u00bfD\u00f3nde estamos? - CENTRO DE FISIOTERAPIA JULI&Aacute;N GONZ&Aacute;LEZ\" \/>\n<meta property=\"og:description\" content=\"Situado en la calle \u00c1ngel Luis de la Herr\u00e1n n\u00ba2 (entrada por la esquina entre la calle Ar\u00e1nzazu y L\u00f3pez [&hellip;]\" \/>\n<meta property=\"og:url\" content=\"https:\/\/fisioterapiajuliangonzalez.com\/index.php\/donde-estamos\/\" \/>\n<meta property=\"og:site_name\" content=\"CENTRO DE FISIOTERAPIA JULI&Aacute;N GONZ&Aacute;LEZ\" \/>\n<meta property=\"article:modified_time\" content=\"2022-07-12T23:00:00+00:00\" \/>\n<meta name=\"twitter:card\" content=\"summary_large_image\" \/>\n<meta name=\"twitter:label1\" content=\"Tiempo de lectura\" \/>\n\t<meta name=\"twitter:data1\" content=\"1 minuto\" \/>\n<script type=\"application\/ld+json\" class=\"yoast-schema-graph\">{\"@context\":\"https:\/\/schema.org\",\"@graph\":[{\"@type\":\"WebPage\",\"@id\":\"https:\/\/fisioterapiajuliangonzalez.com\/index.php\/donde-estamos\/\",\"url\":\"https:\/\/fisioterapiajuliangonzalez.com\/index.php\/donde-estamos\/\",\"name\":\"\u00bfD\u00f3nde estamos? - CENTRO DE FISIOTERAPIA JULI&Aacute;N GONZ&Aacute;LEZ\",\"isPartOf\":{\"@id\":\"https:\/\/fisioterapiajuliangonzalez.com\/#website\"},\"datePublished\":\"2020-10-02T18:24:09+00:00\",\"dateModified\":\"2022-07-12T23:00:00+00:00\",\"breadcrumb\":{\"@id\":\"https:\/\/fisioterapiajuliangonzalez.com\/index.php\/donde-estamos\/#breadcrumb\"},\"inLanguage\":\"es\",\"potentialAction\":[{\"@type\":\"ReadAction\",\"target\":[\"https:\/\/fisioterapiajuliangonzalez.com\/index.php\/donde-estamos\/\"]}]},{\"@type\":\"BreadcrumbList\",\"@id\":\"https:\/\/fisioterapiajuliangonzalez.com\/index.php\/donde-estamos\/#breadcrumb\",\"itemListElement\":[{\"@type\":\"ListItem\",\"position\":1,\"name\":\"Portada\",\"item\":\"https:\/\/fisioterapiajuliangonzalez.com\/\"},{\"@type\":\"ListItem\",\"position\":2,\"name\":\"\u00bfD\u00f3nde estamos?\"}]},{\"@type\":\"WebSite\",\"@id\":\"https:\/\/fisioterapiajuliangonzalez.com\/#website\",\"url\":\"https:\/\/fisioterapiajuliangonzalez.com\/\",\"name\":\"CENTRO DE FISIOTERAPIA JULI&Aacute;N GONZ&Aacute;LEZ\",\"description\":\"Tu fisio de confianza   ---   \u260f 648056796  ---    \u2709 fisiojuliangonzalez@gmail.com\",\"potentialAction\":[{\"@type\":\"SearchAction\",\"target\":{\"@type\":\"EntryPoint\",\"urlTemplate\":\"https:\/\/fisioterapiajuliangonzalez.com\/?s={search_term_string}\"},\"query-input\":\"required name=search_term_string\"}],\"inLanguage\":\"es\"}]}<\/script>\n<!-- \/ Yoast SEO plugin. -->","yoast_head_json":{"title":"\u00bfD\u00f3nde estamos? - CENTRO DE FISIOTERAPIA JULI&Aacute;N GONZ&Aacute;LEZ","robots":{"index":"index","follow":"follow","max-snippet":"max-snippet:-1","max-image-preview":"max-image-preview:large","max-video-preview":"max-video-preview:-1"},"canonical":"https:\/\/fisioterapiajuliangonzalez.com\/index.php\/donde-estamos\/","og_locale":"es_ES","og_type":"article","og_title":"\u00bfD\u00f3nde estamos? - CENTRO DE FISIOTERAPIA JULI&Aacute;N GONZ&Aacute;LEZ","og_description":"Situado en la calle \u00c1ngel Luis de la Herr\u00e1n n\u00ba2 (entrada por la esquina entre la calle Ar\u00e1nzazu y L\u00f3pez [&hellip;]","og_url":"https:\/\/fisioterapiajuliangonzalez.com\/index.php\/donde-estamos\/","og_site_name":"CENTRO DE FISIOTERAPIA JULI&Aacute;N GONZ&Aacute;LEZ","article_modified_time":"2022-07-12T23:00:00+00:00","twitter_card":"summary_large_image","twitter_misc":{"Tiempo de lectura":"1 minuto"},"schema":{"@context":"https:\/\/schema.org","@graph":[{"@type":"WebPage","@id":"https:\/\/fisioterapiajuliangonzalez.com\/index.php\/donde-estamos\/","url":"https:\/\/fisioterapiajuliangonzalez.com\/index.php\/donde-estamos\/","name":"\u00bfD\u00f3nde estamos? - CENTRO DE FISIOTERAPIA JULI&Aacute;N GONZ&Aacute;LEZ","isPartOf":{"@id":"https:\/\/fisioterapiajuliangonzalez.com\/#website"},"datePublished":"2020-10-02T18:24:09+00:00","dateModified":"2022-07-12T23:00:00+00:00","breadcrumb":{"@id":"https:\/\/fisioterapiajuliangonzalez.com\/index.php\/donde-estamos\/#breadcrumb"},"inLanguage":"es","potentialAction":[{"@type":"ReadAction","target":["https:\/\/fisioterapiajuliangonzalez.com\/index.php\/donde-estamos\/"]}]},{"@type":"BreadcrumbList","@id":"https:\/\/fisioterapiajuliangonzalez.com\/index.php\/donde-estamos\/#breadcrumb","itemListElement":[{"@type":"ListItem","position":1,"name":"Portada","item":"https:\/\/fisioterapiajuliangonzalez.com\/"},{"@type":"ListItem","position":2,"name":"\u00bfD\u00f3nde estamos?"}]},{"@type":"WebSite","@id":"https:\/\/fisioterapiajuliangonzalez.com\/#website","url":"https:\/\/fisioterapiajuliangonzalez.com\/","name":"CENTRO DE FISIOTERAPIA JULI&Aacute;N GONZ&Aacute;LEZ","description":"Tu fisio de confianza   ---   \u260f 648056796  ---    \u2709 fisiojuliangonzalez@gmail.com","potentialAction":[{"@type":"SearchAction","target":{"@type":"EntryPoint","urlTemplate":"https:\/\/fisioterapiajuliangonzalez.com\/?s={search_term_string}"},"query-input":"required name=search_term_string"}],"inLanguage":"es"}]}},"_links":{"self":[{"href":"https:\/\/fisioterapiajuliangonzalez.com\/index.php\/wp-json\/wp\/v2\/pages\/895"}],"collection":[{"href":"https:\/\/fisioterapiajuliangonzalez.com\/index.php\/wp-json\/wp\/v2\/pages"}],"about":[{"href":"https:\/\/fisioterapiajuliangonzalez.com\/index.php\/wp-json\/wp\/v2\/types\/page"}],"author":[{"embeddable":true,"href":"https:\/\/fisioterapiajuliangonzalez.com\/index.php\/wp-json\/wp\/v2\/users\/1"}],"replies":[{"embeddable":true,"href":"https:\/\/fisioterapiajuliangonzalez.com\/index.php\/wp-json\/wp\/v2\/comments?post=895"}],"version-history":[{"count":7,"href":"https:\/\/fisioterapiajuliangonzalez.com\/index.php\/wp-json\/wp\/v2\/pages\/895\/revisions"}],"predecessor-version":[{"id":1184,"href":"https:\/\/fisioterapiajuliangonzalez.com\/index.php\/wp-json\/wp\/v2\/pages\/895\/revisions\/1184"}],"wp:attachment":[{"href":"https:\/\/fisioterapiajuliangonzalez.com\/index.php\/wp-json\/wp\/v2\/media?parent=895"}],"curies":[{"name":"wp","href":"https:\/\/api.w.org\/{rel}","templated":true}]}}