{"id":851,"date":"2020-09-27T11:41:29","date_gmt":"2020-09-27T11:41:29","guid":{"rendered":"https:\/\/fisioterapiajuliangonzalez.com\/?page_id=851"},"modified":"2020-10-03T20:05:39","modified_gmt":"2020-10-03T20:05:39","slug":"politica-de-kookies","status":"publish","type":"page","link":"https:\/\/fisioterapiajuliangonzalez.com\/index.php\/politica-de-kookies\/","title":{"rendered":"Pol\u00edtica de cookies"},"content":{"rendered":"\n<p>INFORMACION ADICIONAL SOBRE NUESTRA POLITICA DE COOKIES:<br>CENTRO DE FISIOTERAPIA JULI\u00c1N GONZ\u00c1LEZ puede recopilar informaci\u00f3n sobre los h\u00e1bitos de b\u00fasqueda de los usuarios del website por medio de cookies o archivos de registro. No se utilizar\u00e1n las cookies para recoger informaci\u00f3n de car\u00e1cter personal. Solamente se instalar\u00e1n si el Usuario permanece y contin\u00faa navegando en nuestra p\u00e1gina web, entendiendo que consiente su uso e instalaci\u00f3n. A continuaci\u00f3n, proporcionamos informaci\u00f3n detallada sobre qu\u00e9 es una cookie, para qu\u00e9 sirve, qu\u00e9 tipos de cookies utilizamos, cu\u00e1les son sus finalidades y c\u00f3mo puede configurarlas o deshabilitarlas si as\u00ed lo desea.<br>a) \u00bfQu\u00e9 es una cookie y para qu\u00e9 sirve?<br>Una \u201cCookie\u201d es un peque\u00f1o archivo que se almacena en el ordenador del usuario, Tablet, smartphone o cualquier otro dispositivo con informaci\u00f3n sobre la navegaci\u00f3n.<br>El conjunto de \u201ccookies\u201d de todos nuestros usuarios nos ayuda a mejorar la calidad de nuestra web, permiti\u00e9ndonos controlar qu\u00e9 p\u00e1ginas son \u00fatiles, cu\u00e1les no y cu\u00e1les son susceptibles de mejora.<br>Las cookies son esenciales para el funcionamiento de Internet, aportando innumerables ventajas en la prestaci\u00f3n de servicios interactivos, facilit\u00e1ndole la navegaci\u00f3n y usabilidad de nuestro website.<br>En ning\u00fan caso las cookies podr\u00edan da\u00f1ar su equipo. Por contra, el que est\u00e9n activas nos ayuda a identificar y resolver los errores.<br>b) \u00bfQu\u00e9 tipos de cookies utilizamos?<br>Seg\u00fan la entidad que la gestiona:<br>\u2022 Cookies propias: Son aquellas que se env\u00edan a su equipo desde nuestros propios equipos o dominios y desde el que prestamos el servicio que nos solicita.<br>\u2022 Cookies de terceros: Son aquellas que se env\u00edan a su equipo desde un equipo o dominio que no es gestionado por nosotros, sino por otra entidad colaboradora. Como, por ejemplo, las usadas por redes sociales, o por contenido externo como Google Maps.<br>Seg\u00fan el plazo de tiempo que permanecen activadas:<br>\u2022 Cookies de sesi\u00f3n: Son cookies temporales que permanecen en el archivo de cookies de su navegador hasta que el Usuario abandona la p\u00e1gina web, por lo que ninguna queda registrada en el disco duro de su ordenador. La informaci\u00f3n obtenida por medio de estas cookies, sirven para analizar pautas de tr\u00e1fico en el website. A la larga, esto nos permite proporcionar una mejor experiencia para mejorar el contenido y facilitar su uso.<br>\u2022 Cookies persistentes: son almacenadas en el disco duro y nuestra web las lee cada vez que el Usuario realiza una nueva visita. Una cookie permanente posee una fecha de expiraci\u00f3n determinada. La cookie dejar\u00e1 de funcionar despu\u00e9s de esa fecha. Estas cookies las utilizamos, generalmente, para facilitar los servicios de compra y registro.<br>Seg\u00fan su finalidad:<br>\u2022 Cookies t\u00e9cnicas: Son aquellas necesarias para la navegaci\u00f3n y el buen funcionamiento de nuestro website. Permiten, por ejemplo, controlar el tr\u00e1fico y la comunicaci\u00f3n de datos, acceder a partes de acceso restringido, realizar el proceso de compra de un pedido, utilizar elementos de seguridad, almacenar contenidos para poder difundir v\u00eddeos o compartir contenidos a trav\u00e9s de redes sociales.<br>\u2022 Cookies de personalizaci\u00f3n: Son aqu\u00e9llas que permiten al Usuario acceder al servicio con unas caracter\u00edsticas predefinidas en funci\u00f3n de una serie de criterios, como por ejemplo el idioma, el tipo de navegador a trav\u00e9s del cual se accede al servicio, la configuraci\u00f3n regional desde donde se accede al servicio, etc.<br>\u2022 Cookies de an\u00e1lisis: Son aqu\u00e9llas que nos permiten cuantificar el n\u00famero de usuarios y as\u00ed realizar la medici\u00f3n y an\u00e1lisis estad\u00edstico de la utilizaci\u00f3n que hacen los usuarios de los servicios prestados.<br>Para ello se analiza su navegaci\u00f3n en nuestro website con el fin de mejorar la oferta de productos y servicios que ofrecemos.<br>\u2022 Cookies publicitarias: Son aqu\u00e9llas que permiten la gesti\u00f3n, de la forma m\u00e1s eficaz posible, de los espacios publicitarios que se pudieran incluir en nuestro website.<br>\u2022 Cookies de publicidad comportamental: Estas cookies almacenan informaci\u00f3n del comportamiento de los usuarios obtenida a trav\u00e9s de la observaci\u00f3n continuada. Gracias a ellas, podr\u00edamos conocer los h\u00e1bitos de navegaci\u00f3n en Internet y mostrarle publicidad relacionada con su perfil de navegaci\u00f3n.<br>Finalidad de cada una de las cookies utilizadas:<br>A continuaci\u00f3n, detallamos las cookies utilizadas en nuestra web y el proveedor al que pertenecen. Cookies propias son las que pertenecen a nuestro dominio y cookies de terceros son las que pertenecen a otros dominios seg\u00fan la tabla siguiente:<\/p>\n\n\n\n<figure class=\"wp-block-table\"><table><tbody><tr><td><strong><em>Cookie<\/em><\/strong><\/td><td><strong><em>Nombre<\/em><\/strong><\/td><td><strong><em>Tipo<\/em><\/strong><\/td><td><strong><em>Prop\u00f3sito<\/em><\/strong><\/td><td><strong><em>M\u00e1s informaci\u00f3n<\/em><\/strong><\/td><\/tr><tr><td><em>Google Analytics<\/em><\/td><td><em>__utma<\/em><em>__utmb<\/em><em>__utmc<\/em><em>__utm<\/em><em>z<\/em><\/td><td><em>De terceros, anl\u00edticas y cookies permanentes<\/em><\/td><td><em>Recoger informaci\u00f3n sobre la navegaci\u00f3n de los usuarios por el sitio con el fin de conocer el origen de las visitas y otros datos similares a nivel estad\u00edstico. No obtiene datos de los nombres o apellidos de los usuarios ni de la direcci\u00f3n postal concreta desde donde se conectan.<\/em><\/td><td><a href=\"http:\/\/www.google.com\/intl\/es\/analytics\/privacyoverview.html\"><em>Google Analytics<\/em><\/a><a href=\"http:\/\/www.google.com\/intl\/es\/privacy.html\"><em>Centro de privacidad de Google<\/em><\/a><\/td><\/tr><\/tbody><\/table><\/figure>\n\n\n\n<p><strong><em>\u00bfC\u00f3mo puede el Usuario configurar o deshabilitar las cookies?<\/em><\/strong><\/p>\n\n\n\n<p><em>Puede&nbsp;<strong>permitir, bloquear o eliminar las cookies instaladas en su equipo<\/strong>&nbsp;mediante la configuraci\u00f3n de las opciones de su navegador de Internet. En caso de que no permita la instalaci\u00f3n de cookies en su navegador es posible que no pueda acceder a algunos de los servicios y que su experiencia en el website pueda resultar menos satisfactoria.<\/em><\/p>\n\n\n\n<ul><li><strong><em>Firefox<\/em><\/strong><em>:&nbsp;<\/em><a href=\"http:\/\/support.mozilla.org\/es\/kb\/habilitar-y-deshabilitar-cookies-que-los-sitios-we\"><em>http:\/\/support.mozilla.org\/es\/kb\/habilitar-y-deshabilitar-cookies-que-los-sitios-we<\/em><\/a><\/li><li><strong><em>Chrome<\/em><\/strong><em>:&nbsp;<\/em><a href=\"http:\/\/support.google.com\/chrome\/bin\/answer.py?hl=es&amp;answer=95647\"><em>http:\/\/support.google.com\/chrome\/bin\/answer.py?hl=es&amp;answer=95647<\/em><\/a><\/li><li><strong><em>Explorer<\/em><\/strong><em>:&nbsp;<\/em><em><u>https:\/\/support.microsoft.com\/es-es\/help\/17442<\/u><\/em><\/li><li><strong><em>Safari<\/em><\/strong><em>:&nbsp;<\/em><a href=\"http:\/\/support.apple.com\/kb\/ph5042\"><em>http:\/\/support.apple.com\/kb\/ph5042<\/em><\/a><\/li><li><strong><em>Opera<\/em><\/strong><em>:&nbsp;<\/em><a href=\"http:\/\/help.opera.com\/Windows\/11.50\/es-ES\/cookies.html\"><em>http:\/\/help.opera.com\/Windows\/11.50\/es-ES\/cookies.html<\/em><\/a><\/li><li><strong><em>Otros navegadores<\/em><\/strong><em>: consulte la documentaci\u00f3n del navegador que tenga instalado.<\/em><\/li><\/ul>\n","protected":false},"excerpt":{"rendered":"<p>INFORMACION ADICIONAL SOBRE NUESTRA POLITICA DE COOKIES:CENTRO DE FISIOTERAPIA JULI\u00c1N GONZ\u00c1LEZ puede recopilar informaci\u00f3n sobre los h\u00e1bitos de b\u00fasqueda de [&hellip;]<\/p>\n","protected":false},"author":1,"featured_media":0,"parent":0,"menu_order":0,"comment_status":"closed","ping_status":"closed","template":"","meta":{"footnotes":""},"yoast_head":"<!-- This site is optimized with the Yoast SEO plugin v23.2 - https:\/\/yoast.com\/wordpress\/plugins\/seo\/ -->\n<title>Pol\u00edtica de cookies - CENTRO DE FISIOTERAPIA JULI&Aacute;N GONZ&Aacute;LEZ<\/title>\n<meta name=\"robots\" content=\"index, follow, max-snippet:-1, max-image-preview:large, max-video-preview:-1\" \/>\n<link rel=\"canonical\" href=\"https:\/\/fisioterapiajuliangonzalez.com\/index.php\/politica-de-kookies\/\" \/>\n<meta property=\"og:locale\" content=\"es_ES\" \/>\n<meta property=\"og:type\" content=\"article\" \/>\n<meta property=\"og:title\" content=\"Pol\u00edtica de cookies - CENTRO DE FISIOTERAPIA JULI&Aacute;N GONZ&Aacute;LEZ\" \/>\n<meta property=\"og:description\" content=\"INFORMACION ADICIONAL SOBRE NUESTRA POLITICA DE COOKIES:CENTRO DE FISIOTERAPIA JULI\u00c1N GONZ\u00c1LEZ puede recopilar informaci\u00f3n sobre los h\u00e1bitos de b\u00fasqueda de [&hellip;]\" \/>\n<meta property=\"og:url\" content=\"https:\/\/fisioterapiajuliangonzalez.com\/index.php\/politica-de-kookies\/\" \/>\n<meta property=\"og:site_name\" content=\"CENTRO DE FISIOTERAPIA JULI&Aacute;N GONZ&Aacute;LEZ\" \/>\n<meta property=\"article:modified_time\" content=\"2020-10-03T20:05:39+00:00\" \/>\n<meta name=\"twitter:card\" content=\"summary_large_image\" \/>\n<meta name=\"twitter:label1\" content=\"Tiempo de lectura\" \/>\n\t<meta name=\"twitter:data1\" content=\"5 minutos\" \/>\n<script type=\"application\/ld+json\" class=\"yoast-schema-graph\">{\"@context\":\"https:\/\/schema.org\",\"@graph\":[{\"@type\":\"WebPage\",\"@id\":\"https:\/\/fisioterapiajuliangonzalez.com\/index.php\/politica-de-kookies\/\",\"url\":\"https:\/\/fisioterapiajuliangonzalez.com\/index.php\/politica-de-kookies\/\",\"name\":\"Pol\u00edtica de cookies - CENTRO DE FISIOTERAPIA JULI&Aacute;N GONZ&Aacute;LEZ\",\"isPartOf\":{\"@id\":\"https:\/\/fisioterapiajuliangonzalez.com\/#website\"},\"datePublished\":\"2020-09-27T11:41:29+00:00\",\"dateModified\":\"2020-10-03T20:05:39+00:00\",\"breadcrumb\":{\"@id\":\"https:\/\/fisioterapiajuliangonzalez.com\/index.php\/politica-de-kookies\/#breadcrumb\"},\"inLanguage\":\"es\",\"potentialAction\":[{\"@type\":\"ReadAction\",\"target\":[\"https:\/\/fisioterapiajuliangonzalez.com\/index.php\/politica-de-kookies\/\"]}]},{\"@type\":\"BreadcrumbList\",\"@id\":\"https:\/\/fisioterapiajuliangonzalez.com\/index.php\/politica-de-kookies\/#breadcrumb\",\"itemListElement\":[{\"@type\":\"ListItem\",\"position\":1,\"name\":\"Portada\",\"item\":\"https:\/\/fisioterapiajuliangonzalez.com\/\"},{\"@type\":\"ListItem\",\"position\":2,\"name\":\"Pol\u00edtica de cookies\"}]},{\"@type\":\"WebSite\",\"@id\":\"https:\/\/fisioterapiajuliangonzalez.com\/#website\",\"url\":\"https:\/\/fisioterapiajuliangonzalez.com\/\",\"name\":\"CENTRO DE FISIOTERAPIA JULI&Aacute;N GONZ&Aacute;LEZ\",\"description\":\"Tu fisio de confianza   ---   \u260f 648056796  ---    \u2709 fisiojuliangonzalez@gmail.com\",\"potentialAction\":[{\"@type\":\"SearchAction\",\"target\":{\"@type\":\"EntryPoint\",\"urlTemplate\":\"https:\/\/fisioterapiajuliangonzalez.com\/?s={search_term_string}\"},\"query-input\":\"required name=search_term_string\"}],\"inLanguage\":\"es\"}]}<\/script>\n<!-- \/ Yoast SEO plugin. -->","yoast_head_json":{"title":"Pol\u00edtica de cookies - CENTRO DE FISIOTERAPIA JULI&Aacute;N GONZ&Aacute;LEZ","robots":{"index":"index","follow":"follow","max-snippet":"max-snippet:-1","max-image-preview":"max-image-preview:large","max-video-preview":"max-video-preview:-1"},"canonical":"https:\/\/fisioterapiajuliangonzalez.com\/index.php\/politica-de-kookies\/","og_locale":"es_ES","og_type":"article","og_title":"Pol\u00edtica de cookies - CENTRO DE FISIOTERAPIA JULI&Aacute;N GONZ&Aacute;LEZ","og_description":"INFORMACION ADICIONAL SOBRE NUESTRA POLITICA DE COOKIES:CENTRO DE FISIOTERAPIA JULI\u00c1N GONZ\u00c1LEZ puede recopilar informaci\u00f3n sobre los h\u00e1bitos de b\u00fasqueda de [&hellip;]","og_url":"https:\/\/fisioterapiajuliangonzalez.com\/index.php\/politica-de-kookies\/","og_site_name":"CENTRO DE FISIOTERAPIA JULI&Aacute;N GONZ&Aacute;LEZ","article_modified_time":"2020-10-03T20:05:39+00:00","twitter_card":"summary_large_image","twitter_misc":{"Tiempo de lectura":"5 minutos"},"schema":{"@context":"https:\/\/schema.org","@graph":[{"@type":"WebPage","@id":"https:\/\/fisioterapiajuliangonzalez.com\/index.php\/politica-de-kookies\/","url":"https:\/\/fisioterapiajuliangonzalez.com\/index.php\/politica-de-kookies\/","name":"Pol\u00edtica de cookies - CENTRO DE FISIOTERAPIA JULI&Aacute;N GONZ&Aacute;LEZ","isPartOf":{"@id":"https:\/\/fisioterapiajuliangonzalez.com\/#website"},"datePublished":"2020-09-27T11:41:29+00:00","dateModified":"2020-10-03T20:05:39+00:00","breadcrumb":{"@id":"https:\/\/fisioterapiajuliangonzalez.com\/index.php\/politica-de-kookies\/#breadcrumb"},"inLanguage":"es","potentialAction":[{"@type":"ReadAction","target":["https:\/\/fisioterapiajuliangonzalez.com\/index.php\/politica-de-kookies\/"]}]},{"@type":"BreadcrumbList","@id":"https:\/\/fisioterapiajuliangonzalez.com\/index.php\/politica-de-kookies\/#breadcrumb","itemListElement":[{"@type":"ListItem","position":1,"name":"Portada","item":"https:\/\/fisioterapiajuliangonzalez.com\/"},{"@type":"ListItem","position":2,"name":"Pol\u00edtica de cookies"}]},{"@type":"WebSite","@id":"https:\/\/fisioterapiajuliangonzalez.com\/#website","url":"https:\/\/fisioterapiajuliangonzalez.com\/","name":"CENTRO DE FISIOTERAPIA JULI&Aacute;N GONZ&Aacute;LEZ","description":"Tu fisio de confianza   ---   \u260f 648056796  ---    \u2709 fisiojuliangonzalez@gmail.com","potentialAction":[{"@type":"SearchAction","target":{"@type":"EntryPoint","urlTemplate":"https:\/\/fisioterapiajuliangonzalez.com\/?s={search_term_string}"},"query-input":"required name=search_term_string"}],"inLanguage":"es"}]}},"_links":{"self":[{"href":"https:\/\/fisioterapiajuliangonzalez.com\/index.php\/wp-json\/wp\/v2\/pages\/851"}],"collection":[{"href":"https:\/\/fisioterapiajuliangonzalez.com\/index.php\/wp-json\/wp\/v2\/pages"}],"about":[{"href":"https:\/\/fisioterapiajuliangonzalez.com\/index.php\/wp-json\/wp\/v2\/types\/page"}],"author":[{"embeddable":true,"href":"https:\/\/fisioterapiajuliangonzalez.com\/index.php\/wp-json\/wp\/v2\/users\/1"}],"replies":[{"embeddable":true,"href":"https:\/\/fisioterapiajuliangonzalez.com\/index.php\/wp-json\/wp\/v2\/comments?post=851"}],"version-history":[{"count":3,"href":"https:\/\/fisioterapiajuliangonzalez.com\/index.php\/wp-json\/wp\/v2\/pages\/851\/revisions"}],"predecessor-version":[{"id":1000,"href":"https:\/\/fisioterapiajuliangonzalez.com\/index.php\/wp-json\/wp\/v2\/pages\/851\/revisions\/1000"}],"wp:attachment":[{"href":"https:\/\/fisioterapiajuliangonzalez.com\/index.php\/wp-json\/wp\/v2\/media?parent=851"}],"curies":[{"name":"wp","href":"https:\/\/api.w.org\/{rel}","templated":true}]}}